{"id":29,"date":"2024-02-01T15:03:01","date_gmt":"2024-02-01T14:03:01","guid":{"rendered":"https:\/\/autoadditives.net\/es\/?page_id=29"},"modified":"2024-02-01T17:09:30","modified_gmt":"2024-02-01T16:09:30","slug":"quienes-somos","status":"publish","type":"page","link":"https:\/\/autoadditives.net\/es\/quienes-somos\/","title":{"rendered":"Qui\u00e9nes somos"},"content":{"rendered":"<p style=\"text-align: center;\">\nEquipo internacional de profesionales, con m\u00e1s de 20 a\u00f1os de experiencia en el campo de la industria del autom\u00f3vil, medios y componentes para el coche, se complace en compartir su experiencia en las p\u00e1ginas de autoadditives.net portal.<br \/>\nAdem\u00e1s, estamos en busca de autores \u00fanicos y especialistas en la industria del autom\u00f3vil. Si tiene algo que contarnos escr\u00edbanos. Estamos listos para una cooperaci\u00f3n mutuamente beneficiosa <a href=\"https:\/\/autoadditives.net\/es\/contacto\/\">https:\/\/autoadditives.net\/es\/contacto\/<\/a><\/p>\n","protected":false},"excerpt":{"rendered":"<p>Equipo internacional de profesionales, con m\u00e1s de 20 a\u00f1os de experiencia en el campo de la industria del autom\u00f3vil, medios y componentes para el coche, se complace en compartir su experiencia en las p\u00e1ginas de autoadditives.net portal. Adem\u00e1s, estamos en busca de autores \u00fanicos y especialistas en la industria del autom\u00f3vil. Si tiene algo que&#8230;<\/p>\n","protected":false},"author":1,"featured_media":0,"parent":0,"menu_order":0,"comment_status":"closed","ping_status":"closed","template":"","meta":{"footnotes":""},"_links":{"self":[{"href":"https:\/\/autoadditives.net\/es\/wp-json\/wp\/v2\/pages\/29"}],"collection":[{"href":"https:\/\/autoadditives.net\/es\/wp-json\/wp\/v2\/pages"}],"about":[{"href":"https:\/\/autoadditives.net\/es\/wp-json\/wp\/v2\/types\/page"}],"author":[{"embeddable":true,"href":"https:\/\/autoadditives.net\/es\/wp-json\/wp\/v2\/users\/1"}],"replies":[{"embeddable":true,"href":"https:\/\/autoadditives.net\/es\/wp-json\/wp\/v2\/comments?post=29"}],"version-history":[{"count":6,"href":"https:\/\/autoadditives.net\/es\/wp-json\/wp\/v2\/pages\/29\/revisions"}],"predecessor-version":[{"id":58,"href":"https:\/\/autoadditives.net\/es\/wp-json\/wp\/v2\/pages\/29\/revisions\/58"}],"wp:attachment":[{"href":"https:\/\/autoadditives.net\/es\/wp-json\/wp\/v2\/media?parent=29"}],"curies":[{"name":"wp","href":"https:\/\/api.w.org\/{rel}","templated":true}]}}