{"id":42,"date":"2024-01-30T14:17:49","date_gmt":"2024-01-30T13:17:49","guid":{"rendered":"https:\/\/autoadditives.net\/fr\/?page_id=42"},"modified":"2024-02-01T17:19:23","modified_gmt":"2024-02-01T16:19:23","slug":"a-propos-de-nous","status":"publish","type":"page","link":"https:\/\/autoadditives.net\/fr\/a-propos-de-nous\/","title":{"rendered":"A propos de nous"},"content":{"rendered":"<p>Une \u00e9quipe internationale de professionnels, avec plus de 20 ans d&#8217;exp\u00e9rience dans le domaine de l&#8217;industrie automobile, des moyens et des composants pour la voiture, est heureuse de partager son exp\u00e9rience sur les pages du portail autoadditives.net.<br \/>\nNous sommes \u00e9galement \u00e0 la recherche d&#8217;auteurs uniques et de sp\u00e9cialistes de l&#8217;industrie automobile. Si vous avez quelque chose \u00e0 dire, \u00e9crivez-nous. Nous sommes pr\u00eats \u00e0 une coop\u00e9ration mutuellement b\u00e9n\u00e9fique <a href=\"https:\/\/autoadditives.net\/fr\/contact\/\">https:\/\/autoadditives.net\/fr\/contact\/<\/a><\/p>\n","protected":false},"excerpt":{"rendered":"<p>Une \u00e9quipe internationale de professionnels, avec plus de 20 ans d&#8217;exp\u00e9rience dans le domaine de l&#8217;industrie automobile, des moyens et des composants pour la voiture, est heureuse de partager son exp\u00e9rience sur les pages du portail autoadditives.net. Nous sommes \u00e9galement \u00e0 la recherche d&#8217;auteurs uniques et de sp\u00e9cialistes de l&#8217;industrie automobile. Si vous avez quelque&#8230;<\/p>\n","protected":false},"author":1,"featured_media":0,"parent":0,"menu_order":0,"comment_status":"closed","ping_status":"closed","template":"","meta":{"footnotes":""},"_links":{"self":[{"href":"https:\/\/autoadditives.net\/fr\/wp-json\/wp\/v2\/pages\/42"}],"collection":[{"href":"https:\/\/autoadditives.net\/fr\/wp-json\/wp\/v2\/pages"}],"about":[{"href":"https:\/\/autoadditives.net\/fr\/wp-json\/wp\/v2\/types\/page"}],"author":[{"embeddable":true,"href":"https:\/\/autoadditives.net\/fr\/wp-json\/wp\/v2\/users\/1"}],"replies":[{"embeddable":true,"href":"https:\/\/autoadditives.net\/fr\/wp-json\/wp\/v2\/comments?post=42"}],"version-history":[{"count":3,"href":"https:\/\/autoadditives.net\/fr\/wp-json\/wp\/v2\/pages\/42\/revisions"}],"predecessor-version":[{"id":82,"href":"https:\/\/autoadditives.net\/fr\/wp-json\/wp\/v2\/pages\/42\/revisions\/82"}],"wp:attachment":[{"href":"https:\/\/autoadditives.net\/fr\/wp-json\/wp\/v2\/media?parent=42"}],"curies":[{"name":"wp","href":"https:\/\/api.w.org\/{rel}","templated":true}]}}